{"id":15,"date":"2025-02-06T10:06:36","date_gmt":"2025-02-06T10:06:36","guid":{"rendered":"https:\/\/braun-investholding.com\/?page_id=15"},"modified":"2025-12-18T08:43:12","modified_gmt":"2025-12-18T08:43:12","slug":"braun-invest-holding-gmbh","status":"publish","type":"page","link":"https:\/\/braun-investholding.com\/","title":{"rendered":"Braun Invest Holding GmbH"},"content":{"rendered":"<p>[et_pb_section fb_built=&#8220;1&#8243; _builder_version=&#8220;4.27.5&#8243; _module_preset=&#8220;default&#8220; background_image=&#8220;https:\/\/braun-investholding.com\/wp-content\/uploads\/2025\/02\/braun-invest-holding-header.png&#8220; background_size=&#8220;custom&#8220; link_option_url=&#8220;https:\/\/braun-investholding.com\/#logo&#8220; hover_enabled=&#8220;0&#8243; global_colors_info=&#8220;{}&#8220; background_image_width=&#8220;100%&#8220; background_image_height=&#8220;100%&#8220; sticky_enabled=&#8220;0&#8243;][et_pb_row _builder_version=&#8220;4.27.4&#8243; _module_preset=&#8220;default&#8220; custom_margin=&#8220;0px|auto|25px|auto|false|false&#8220; custom_margin_tablet=&#8220;25px|auto|25px|auto|false|false&#8220; custom_margin_phone=&#8220;0px||||false|false&#8220; custom_margin_last_edited=&#8220;on|phone&#8220; global_colors_info=&#8220;{}&#8220;][et_pb_column type=&#8220;4_4&#8243; _builder_version=&#8220;4.27.4&#8243; _module_preset=&#8220;default&#8220; global_colors_info=&#8220;{}&#8220;][et_pb_text _builder_version=&#8220;4.27.4&#8243; _module_preset=&#8220;default&#8220; text_line_height=&#8220;1.9em&#8220; header_font=&#8220;&#8211;et_global_heading_font||||||||&#8220; header_text_color=&#8220;#FFFFFF&#8220; header_font_size=&#8220;96px&#8220; header_line_height=&#8220;1.1em&#8220; header_font_size_tablet=&#8220;70px&#8220; header_font_size_phone=&#8220;48px&#8220; header_font_size_last_edited=&#8220;on|phone&#8220; global_colors_info=&#8220;{}&#8220;]<\/p>\n<h1>Pharma.<br \/>\nPrivate Equity.<\/h1>\n<p>[\/et_pb_text][et_pb_text _builder_version=&#8220;4.27.4&#8243; _module_preset=&#8220;default&#8220; text_font=&#8220;&#8211;et_global_body_font|300|||||||&#8220; text_text_color=&#8220;#6B6E6F&#8220; text_font_size=&#8220;36px&#8220; text_line_height=&#8220;1.2em&#8220; text_font_size_tablet=&#8220;26px&#8220; text_font_size_phone=&#8220;20px&#8220; text_font_size_last_edited=&#8220;on|phone&#8220; global_colors_info=&#8220;{}&#8220;]<\/p>\n<p>Wir investieren mit Weitblick \u2013<br \/>f\u00fcr starke Unternehmen und eine stabile Zukunft.<\/p>\n<p>[\/et_pb_text][\/et_pb_column][\/et_pb_row][\/et_pb_section][et_pb_section fb_built=&#8220;1&#8243; _builder_version=&#8220;4.27.4&#8243; _module_preset=&#8220;default&#8220; custom_padding=&#8220;130px|||||&#8220; global_colors_info=&#8220;{}&#8220;][et_pb_row column_structure=&#8220;1_2,1_2&#8243; use_custom_gutter=&#8220;on&#8220; gutter_width=&#8220;4&#8243; make_equal=&#8220;on&#8220; _builder_version=&#8220;4.27.4&#8243; _module_preset=&#8220;default&#8220; global_colors_info=&#8220;{}&#8220;][et_pb_column type=&#8220;1_2&#8243; _builder_version=&#8220;4.27.4&#8243; _module_preset=&#8220;default&#8220; global_colors_info=&#8220;{}&#8220;][et_pb_text _builder_version=&#8220;4.27.4&#8243; _module_preset=&#8220;default&#8220; text_font=&#8220;&#8211;et_global_body_font|300|||||||&#8220; text_text_color=&#8220;#8D9091&#8243; text_font_size=&#8220;20px&#8220; text_line_height=&#8220;1.8em&#8220; custom_margin=&#8220;||20px||false|false&#8220; global_colors_info=&#8220;{}&#8220;]<\/p>\n<p>Die Braun Invest Holding GmbH (BIH) aus Greifswald ist eine familiengef\u00fchrte Investment- und Holdinggesellschaft. Der Fokus hat sich vor einigen Jahren vorrangig auf die Pharmabrache gerichtet. \u00dcber alle Beteiligungen sind mehr als 1.300 Mitarbeitende besch\u00e4ftigt. Sie h\u00e4lt Beteiligungen an Pharmaunternehmen in Deutschland, Schweiz und \u00d6sterreich. In diesem Bereich erzielt das Unternehmen auch den Gro\u00dfteil seiner Ums\u00e4tze, welche sich auf ca. 2 Milliarden \u20ac belaufen. Zudem h\u00e4lt die Braun Invest Holding GmbH eine Beteiligung an einer Asset-Management Holding.<\/p>\n<p>[\/et_pb_text][et_pb_text _builder_version=&#8220;4.27.4&#8243; _module_preset=&#8220;default&#8220; text_font=&#8220;&#8211;et_global_body_font|300|||||||&#8220; text_text_color=&#8220;#8D9091&#8243; text_font_size=&#8220;20px&#8220; text_line_height=&#8220;1.8em&#8220; global_colors_info=&#8220;{}&#8220;]Im Bereich Investment liegt der Fokus auf dem Private Equity Fonds Investment. [\/et_pb_text][\/et_pb_column][et_pb_column type=&#8220;1_2&#8243; _builder_version=&#8220;4.27.4&#8243; _module_preset=&#8220;default&#8220; global_colors_info=&#8220;{}&#8220;][et_pb_text _builder_version=&#8220;4.27.4&#8243; _module_preset=&#8220;default&#8220; text_font=&#8220;&#8211;et_global_body_font|||on|||||&#8220; text_text_color=&#8220;#6B6E6F&#8220; text_font_size=&#8220;18px&#8220; custom_margin=&#8220;||0px|150px|false|false&#8220; custom_margin_tablet=&#8220;80px|150px||0px|false|false&#8220; custom_margin_phone=&#8220;|0px|||false|false&#8220; custom_margin_last_edited=&#8220;on|tablet&#8220; custom_padding=&#8220;||35px||false|false&#8220; border_width_bottom=&#8220;2px&#8220; border_color_bottom=&#8220;#FCE400&#8243; global_colors_info=&#8220;{}&#8220;]<\/p>\n<p>Schwerpunkte<\/p>\n<p>[\/et_pb_text][et_pb_text _builder_version=&#8220;4.27.4&#8243; _module_preset=&#8220;default&#8220; text_font=&#8220;&#8211;et_global_body_font|300|||||||&#8220; text_text_color=&#8220;#6B6E6F&#8220; text_font_size=&#8220;27px&#8220; custom_margin=&#8220;||0px|150px|false|false&#8220; custom_margin_tablet=&#8220;|150px||0px|false|false&#8220; custom_margin_phone=&#8220;|0px|||false|false&#8220; custom_margin_last_edited=&#8220;on|phone&#8220; custom_padding=&#8220;35px||35px||true|false&#8220; border_width_bottom=&#8220;2px&#8220; border_color_bottom=&#8220;#FCE400&#8243; global_colors_info=&#8220;{}&#8220;]<\/p>\n<p>nachhaltiges Wachstum<\/p>\n<p>[\/et_pb_text][et_pb_text _builder_version=&#8220;4.27.4&#8243; _module_preset=&#8220;default&#8220; text_font=&#8220;&#8211;et_global_body_font|300|||||||&#8220; text_text_color=&#8220;#6B6E6F&#8220; text_font_size=&#8220;27px&#8220; custom_margin=&#8220;||0px|150px|false|false&#8220; custom_margin_tablet=&#8220;|150px||0px|false|false&#8220; custom_margin_phone=&#8220;|0px|||false|false&#8220; custom_margin_last_edited=&#8220;on|phone&#8220; custom_padding=&#8220;35px||35px||true|false&#8220; border_width_bottom=&#8220;2px&#8220; border_color_bottom=&#8220;#FCE400&#8243; global_colors_info=&#8220;{}&#8220;]<\/p>\n<p>langfristige Entwicklung<\/p>\n<p>[\/et_pb_text][et_pb_text _builder_version=&#8220;4.27.4&#8243; _module_preset=&#8220;default&#8220; text_font=&#8220;&#8211;et_global_body_font|300|||||||&#8220; text_text_color=&#8220;#6B6E6F&#8220; text_font_size=&#8220;27px&#8220; custom_margin=&#8220;||0px|150px|false|false&#8220; custom_margin_tablet=&#8220;|150px||0px|false|false&#8220; custom_margin_phone=&#8220;|0px|||false|false&#8220; custom_margin_last_edited=&#8220;on|phone&#8220; custom_padding=&#8220;35px||35px||true|false&#8220; border_width_bottom=&#8220;2px&#8220; border_color_bottom=&#8220;#FCE400&#8243; global_colors_info=&#8220;{}&#8220;]<\/p>\n<p>lokal verwurzelt<\/p>\n<p>[\/et_pb_text][\/et_pb_column][\/et_pb_row][\/et_pb_section][et_pb_section fb_built=&#8220;1&#8243; _builder_version=&#8220;4.27.4&#8243; _module_preset=&#8220;default&#8220; custom_padding=&#8220;||160px|||&#8220; global_colors_info=&#8220;{}&#8220;][et_pb_row column_structure=&#8220;1_2,1_2&#8243; use_custom_gutter=&#8220;on&#8220; gutter_width=&#8220;4&#8243; make_equal=&#8220;on&#8220; _builder_version=&#8220;4.27.4&#8243; _module_preset=&#8220;default&#8220; global_colors_info=&#8220;{}&#8220;][et_pb_column type=&#8220;1_2&#8243; _builder_version=&#8220;4.27.4&#8243; _module_preset=&#8220;default&#8220; global_colors_info=&#8220;{}&#8220;][et_pb_image src=&#8220;https:\/\/braun-investholding.com\/wp-content\/uploads\/2025\/02\/braun-invest-holding-cheplapharm-aussen.png&#8220; alt=&#8220;Braun Invest Holding Chepla Pharm Au\u00dfenansicht&#8220; title_text=&#8220;braun-invest-holding-cheplapharm-aussen&#8220; _builder_version=&#8220;4.27.4&#8243; _module_preset=&#8220;default&#8220; border_radii=&#8220;on|20px|20px|20px|20px&#8220; global_colors_info=&#8220;{}&#8220;][\/et_pb_image][\/et_pb_column][et_pb_column type=&#8220;1_2&#8243; _builder_version=&#8220;4.27.4&#8243; _module_preset=&#8220;default&#8220; global_colors_info=&#8220;{}&#8220;][et_pb_text _builder_version=&#8220;4.27.4&#8243; _module_preset=&#8220;default&#8220; text_font=&#8220;&#8211;et_global_body_font|300|||||||&#8220; text_text_color=&#8220;#8D9091&#8243; text_font_size=&#8220;20px&#8220; text_line_height=&#8220;1.8em&#8220; custom_margin=&#8220;70px|||150px|false|false&#8220; custom_margin_tablet=&#8220;50px|||0px|false|false&#8220; custom_margin_phone=&#8220;25px||||false|false&#8220; custom_margin_last_edited=&#8220;on|phone&#8220; global_colors_info=&#8220;{}&#8220;]<\/p>\n<p>Wir sind in der Region Mecklenburg-Vorpommern ans\u00e4ssig und spielen hier eine wichtige Rolle in der lokalen Wirtschaft. Unser Fokus liegt auf nachhaltigem Wachstum und der langfristigen Entwicklung unserer Beteiligungen.<\/p>\n<p>[\/et_pb_text][\/et_pb_column][\/et_pb_row][\/et_pb_section][et_pb_section fb_built=&#8220;1&#8243; module_id=&#8220;beteiligungen&#8220; _builder_version=&#8220;4.27.4&#8243; _module_preset=&#8220;default&#8220; background_color=&#8220;rgba(218,218,218,0.57)&#8220; custom_padding=&#8220;100px||160px|||&#8220; global_colors_info=&#8220;{}&#8220;][et_pb_row _builder_version=&#8220;4.27.4&#8243; _module_preset=&#8220;default&#8220; global_colors_info=&#8220;{}&#8220;][et_pb_column type=&#8220;4_4&#8243; _builder_version=&#8220;4.27.4&#8243; _module_preset=&#8220;default&#8220; global_colors_info=&#8220;{}&#8220;][et_pb_text _builder_version=&#8220;4.27.4&#8243; _module_preset=&#8220;default&#8220; header_2_font=&#8220;&#8211;et_global_heading_font|||on|||||&#8220; header_2_text_color=&#8220;#6B6E6F&#8220; header_2_font_size=&#8220;20px&#8220; header_2_letter_spacing=&#8220;2px&#8220; custom_margin=&#8220;||40px|||&#8220; global_colors_info=&#8220;{}&#8220;]<\/p>\n<h2>Beteiligungen<\/h2>\n<p>[\/et_pb_text][\/et_pb_column][\/et_pb_row][et_pb_row column_structure=&#8220;1_2,1_2&#8243; _builder_version=&#8220;4.27.4&#8243; _module_preset=&#8220;default&#8220; global_colors_info=&#8220;{}&#8220;][et_pb_column type=&#8220;1_2&#8243; _builder_version=&#8220;4.27.4&#8243; _module_preset=&#8220;default&#8220; global_colors_info=&#8220;{}&#8220;][et_pb_image src=&#8220;https:\/\/braun-investholding.com\/wp-content\/uploads\/2025\/04\/braun-investment-holding-cheplapharm-logo.jpg&#8220; alt=&#8220;Braun Invest Holding Chepla Pharm Au\u00dfenansicht&#8220; title_text=&#8220;braun-investment-holding-cheplapharm-logo&#8220; _builder_version=&#8220;4.27.4&#8243; _module_preset=&#8220;default&#8220; background_enable_color=&#8220;off&#8220; border_radii=&#8220;on|10px|10px|10px|10px&#8220; global_colors_info=&#8220;{}&#8220;][\/et_pb_image][\/et_pb_column][et_pb_column type=&#8220;1_2&#8243; _builder_version=&#8220;4.27.4&#8243; _module_preset=&#8220;default&#8220; global_colors_info=&#8220;{}&#8220;][et_pb_text _builder_version=&#8220;4.27.4&#8243; _module_preset=&#8220;default&#8220; text_font=&#8220;&#8211;et_global_body_font|300|||||||&#8220; text_text_color=&#8220;#8D9091&#8243; text_font_size=&#8220;20px&#8220; text_line_height=&#8220;1.8em&#8220; custom_margin=&#8220;75px||||false|false&#8220; custom_margin_tablet=&#8220;50px||||false|false&#8220; custom_margin_phone=&#8220;25px||||false|false&#8220; custom_margin_last_edited=&#8220;on|phone&#8220; global_colors_info=&#8220;{}&#8220;]Die <b>Cheplapharm Arzneimittel GmbH<\/b> ist der globale Nummer 1 Investor in etablierte Pharma-Markenprodukte. Das Unternehmen sichert damit den Fortbestand des Medikamentes und die Behandlung der davon abh\u00e4ngigen Patient:innen weltweit.[\/et_pb_text][\/et_pb_column][\/et_pb_row][et_pb_row column_structure=&#8220;1_2,1_2&#8243; _builder_version=&#8220;4.27.4&#8243; _module_preset=&#8220;default&#8220; custom_margin_tablet=&#8220;50px||||false|false&#8220; custom_margin_phone=&#8220;60px||||false|false&#8220; custom_margin_last_edited=&#8220;on|phone&#8220; global_colors_info=&#8220;{}&#8220;][et_pb_column type=&#8220;1_2&#8243; _builder_version=&#8220;4.27.4&#8243; _module_preset=&#8220;default&#8220; global_colors_info=&#8220;{}&#8220;][et_pb_text _builder_version=&#8220;4.27.4&#8243; _module_preset=&#8220;default&#8220; text_font=&#8220;&#8211;et_global_body_font|300|||||||&#8220; text_text_color=&#8220;#8D9091&#8243; text_font_size=&#8220;20px&#8220; text_line_height=&#8220;1.8em&#8220; custom_margin=&#8220;60px||||false|false&#8220; custom_margin_tablet=&#8220;50px||||false|false&#8220; custom_margin_phone=&#8220;25px||||false|false&#8220; custom_margin_last_edited=&#8220;on|phone&#8220; global_colors_info=&#8220;{}&#8220;]Breathing new life into proven medicines.<\/p>\n<p>Die <b>pharmaand (pharma&amp;) GmbH<\/b> erwirbt die weltweiten Rechte an Medikamenten und setzt sich daf\u00fcr ein, die Verf\u00fcgbarkeit lebenswichtiger Arzneimittel aufrechtzuerhalten und deren Weiterentwicklung weltweit zu f\u00f6rdern. [\/et_pb_text][\/et_pb_column][et_pb_column type=&#8220;1_2&#8243; _builder_version=&#8220;4.27.4&#8243; _module_preset=&#8220;default&#8220; global_colors_info=&#8220;{}&#8220;][et_pb_image src=&#8220;https:\/\/braun-investholding.com\/wp-content\/uploads\/2025\/02\/braun-investment-holding-pharmaand-logo.jpg&#8220; alt=&#8220;Braun Invest Holding Chepla Pharm Au\u00dfenansicht&#8220; title_text=&#8220;braun-investment-holding-pharmaand-logo&#8220; _builder_version=&#8220;4.27.4&#8243; _module_preset=&#8220;default&#8220; background_enable_color=&#8220;off&#8220; border_radii=&#8220;on|10px|10px|10px|10px&#8220; global_colors_info=&#8220;{}&#8220;][\/et_pb_image][\/et_pb_column][\/et_pb_row][et_pb_row column_structure=&#8220;1_2,1_2&#8243; _builder_version=&#8220;4.27.4&#8243; _module_preset=&#8220;default&#8220; global_colors_info=&#8220;{}&#8220;][et_pb_column type=&#8220;1_2&#8243; _builder_version=&#8220;4.27.4&#8243; _module_preset=&#8220;default&#8220; global_colors_info=&#8220;{}&#8220;][et_pb_image src=&#8220;https:\/\/braun-investholding.com\/wp-content\/uploads\/2025\/02\/braun-invest-holding-wr-group-logo-1.png&#8220; alt=&#8220;Braun Invest Holding Chepla Pharm Au\u00dfenansicht&#8220; title_text=&#8220;braun-invest-holding-wr-group-logo&#8220; _builder_version=&#8220;4.27.4&#8243; _module_preset=&#8220;default&#8220; border_radii=&#8220;on|10px|10px|10px|10px&#8220; global_colors_info=&#8220;{}&#8220;][\/et_pb_image][\/et_pb_column][et_pb_column type=&#8220;1_2&#8243; _builder_version=&#8220;4.27.4&#8243; _module_preset=&#8220;default&#8220; global_colors_info=&#8220;{}&#8220;][et_pb_text _builder_version=&#8220;4.27.4&#8243; _module_preset=&#8220;default&#8220; text_font=&#8220;&#8211;et_global_body_font|300|||||||&#8220; text_text_color=&#8220;#8D9091&#8243; text_font_size=&#8220;20px&#8220; text_line_height=&#8220;1.8em&#8220; custom_margin=&#8220;65px||||false|false&#8220; custom_margin_tablet=&#8220;50px||||false|false&#8220; custom_margin_phone=&#8220;25px||||false|false&#8220; custom_margin_last_edited=&#8220;on|phone&#8220; global_colors_info=&#8220;{}&#8220;]Die <b>WR Group<\/b> vereint unter ihrem Dach ein Portfolio an Unternehmen der Gesundheitsbranche. Sie decken dabei das komplette Spektrum der Wertsch\u00f6pfungskette ab \u2013 von der Idee \u00fcber die Entwicklung und Herstellung bis zur Vermarktung des fertigen Produktes. Jedes Unternehmen beh\u00e4lt dabei seine Eigenst\u00e4ndigkeit, um sich bestm\u00f6glich im jeweiligen Marktumfeld positionieren zu k\u00f6nnen.[\/et_pb_text][\/et_pb_column][\/et_pb_row][et_pb_row column_structure=&#8220;1_2,1_2&#8243; _builder_version=&#8220;4.27.4&#8243; _module_preset=&#8220;default&#8220; global_colors_info=&#8220;{}&#8220;][et_pb_column type=&#8220;1_2&#8243; _builder_version=&#8220;4.27.4&#8243; _module_preset=&#8220;default&#8220; global_colors_info=&#8220;{}&#8220;][et_pb_text _builder_version=&#8220;4.27.4&#8243; _module_preset=&#8220;default&#8220; text_font=&#8220;&#8211;et_global_body_font|300|||||||&#8220; text_text_color=&#8220;#8D9091&#8243; text_font_size=&#8220;20px&#8220; text_line_height=&#8220;1.8em&#8220; custom_margin=&#8220;100px||||false|false&#8220; custom_margin_tablet=&#8220;50px||||false|false&#8220; custom_margin_phone=&#8220;25px||||false|false&#8220; custom_margin_last_edited=&#8220;on|phone&#8220; global_colors_info=&#8220;{}&#8220;]Die <b>aam2core Holding AG<\/b> steht f\u00fcr aktives Asset Management. Ihre Mitarbeiter sind erfahrene Investment- und Asset-Manager, die sich bestens mit dem Lebenszyklus von Immobilien auskennen. Ihre Kunden beraten sie vor allem bei Investments in Deutschland und der DACH-Region.[\/et_pb_text][\/et_pb_column][et_pb_column type=&#8220;1_2&#8243; _builder_version=&#8220;4.27.4&#8243; _module_preset=&#8220;default&#8220; global_colors_info=&#8220;{}&#8220;][et_pb_image src=&#8220;https:\/\/braun-investholding.com\/wp-content\/uploads\/2025\/02\/braun-invest-holding-aam2core-logo.png&#8220; alt=&#8220;Braun Invest Holding Chepla Pharm Au\u00dfenansicht&#8220; title_text=&#8220;braun-invest-holding-aam2core-logo&#8220; _builder_version=&#8220;4.27.4&#8243; _module_preset=&#8220;default&#8220; border_radii=&#8220;on|10px|10px|10px|10px&#8220; global_colors_info=&#8220;{}&#8220;][\/et_pb_image][\/et_pb_column][\/et_pb_row][\/et_pb_section][et_pb_section fb_built=&#8220;1&#8243; module_id=&#8220;kontakt&#8220; _builder_version=&#8220;4.27.4&#8243; _module_preset=&#8220;default&#8220; custom_padding=&#8220;130px||130px|||&#8220; global_colors_info=&#8220;{}&#8220;][et_pb_row column_structure=&#8220;1_2,1_2&#8243; use_custom_gutter=&#8220;on&#8220; gutter_width=&#8220;2&#8243; _builder_version=&#8220;4.27.4&#8243; _module_preset=&#8220;default&#8220; global_colors_info=&#8220;{}&#8220;][et_pb_column type=&#8220;1_2&#8243; _builder_version=&#8220;4.27.4&#8243; _module_preset=&#8220;default&#8220; global_colors_info=&#8220;{}&#8220;][et_pb_text _builder_version=&#8220;4.27.4&#8243; _module_preset=&#8220;default&#8220; text_font=&#8220;&#8211;et_global_body_font|300|||||||&#8220; text_text_color=&#8220;#6B6E6F&#8220; text_font_size=&#8220;24px&#8220; text_line_height=&#8220;1.5em&#8220; header_font=&#8220;&#8211;et_global_body_font|300|||||||&#8220; header_text_color=&#8220;#8D9091&#8243; header_font_size=&#8220;36px&#8220; header_3_font=&#8220;&#8211;et_global_heading_font|300|||||||&#8220; header_3_text_color=&#8220;#8D9091&#8243; header_3_font_size=&#8220;36px&#8220; header_3_line_height=&#8220;1.2em&#8220; custom_margin=&#8220;||50px||false|false&#8220; global_colors_info=&#8220;{}&#8220;]<\/p>\n<p>Braun Invest Holding<br \/>Ziegelhof 23<br \/>17489 Greifswald<\/p>\n<p>[\/et_pb_text][et_pb_text _builder_version=&#8220;4.27.4&#8243; _module_preset=&#8220;default&#8220; text_font=&#8220;&#8211;et_global_body_font|300|||||||&#8220; text_text_color=&#8220;#6B6E6F&#8220; text_font_size=&#8220;24px&#8220; text_line_height=&#8220;1.5em&#8220; header_font=&#8220;&#8211;et_global_body_font|300|||||||&#8220; header_text_color=&#8220;#8D9091&#8243; header_font_size=&#8220;36px&#8220; header_3_font=&#8220;&#8211;et_global_heading_font|300|||||||&#8220; header_3_text_color=&#8220;#8D9091&#8243; header_3_font_size=&#8220;36px&#8220; header_3_line_height=&#8220;1.2em&#8220; custom_margin=&#8220;||50px||false|false&#8220; global_colors_info=&#8220;{}&#8220;]<\/p>\n<p>Tel. +49 3834 39 118 23<br \/>info@b-ih.com<\/p>\n<p>[\/et_pb_text][\/et_pb_column][et_pb_column type=&#8220;1_2&#8243; _builder_version=&#8220;4.27.4&#8243; _module_preset=&#8220;default&#8220; global_colors_info=&#8220;{}&#8220;][et_pb_contact_form captcha=&#8220;off&#8220; email=&#8220;info@b-ih.com&#8220; custom_message=&#8220;Name: %%Name%%||et_pb_line_break_holder||||et_pb_line_break_holder||E-Mail: %%Email%%||et_pb_line_break_holder||||et_pb_line_break_holder||Betreff: %%Betreff%%||et_pb_line_break_holder||||et_pb_line_break_holder||Nachricht:||et_pb_line_break_holder||%%Message%%&#8220; success_message=&#8220;Vielen Dank f\u00fcr Ihre Anfrage. Wir setzen uns schnellstm\u00f6glich mit Ihnen in Verbindung.&#8220; submit_button_text=&#8220;Absenden&#8220; _builder_version=&#8220;4.27.4&#8243; _module_preset=&#8220;default&#8220; _unique_id=&#8220;6d2b4d34-3905-4070-ad94-9f6d52238a96&#8243; form_field_background_color=&#8220;RGBA(255,255,255,0)&#8220; form_field_text_color=&#8220;#8D9091&#8243; form_field_font=&#8220;&#8211;et_global_body_font||||||||&#8220; form_field_font_size=&#8220;18px&#8220; custom_button=&#8220;on&#8220; button_text_size=&#8220;16px&#8220; button_text_color=&#8220;#FFFFFF&#8220; button_bg_color=&#8220;#6B6E6F&#8220; button_border_width=&#8220;0px&#8220; button_border_radius=&#8220;10px&#8220; button_letter_spacing=&#8220;2px&#8220; button_font=&#8220;&#8211;et_global_body_font|||on|||||&#8220; button_use_icon=&#8220;off&#8220; button_custom_margin=&#8220;20px||||false|false&#8220; button_custom_padding=&#8220;15px|55px|15px|55px|true|true&#8220; button_text_color_tablet=&#8220;#FFFFFF&#8220; button_text_color_phone=&#8220;#FFFFFF&#8220; button_text_color_last_edited=&#8220;on|desktop&#8220; border_radii=&#8220;on|10px|10px|10px|10px&#8220; border_width_all=&#8220;1px&#8220; border_color_all=&#8220;#FCE400&#8243; global_colors_info=&#8220;{}&#8220; button_text_color__hover_enabled=&#8220;on|hover&#8220; button_text_color__hover=&#8220;#FFFFFF&#8220; button_bg_color__hover_enabled=&#8220;on|desktop&#8220; button_bg_color__hover=&#8220;#FCE400&#8243; button_bg_enable_color__hover=&#8220;on&#8220;][et_pb_contact_field field_id=&#8220;Name&#8220; field_title=&#8220;Name&#8220; fullwidth_field=&#8220;on&#8220; _builder_version=&#8220;4.27.4&#8243; _module_preset=&#8220;default&#8220; global_colors_info=&#8220;{}&#8220;][\/et_pb_contact_field][et_pb_contact_field field_id=&#8220;Email&#8220; field_title=&#8220;E-Mail-Adresse&#8220; fullwidth_field=&#8220;on&#8220; _builder_version=&#8220;4.27.4&#8243; _module_preset=&#8220;default&#8220; global_colors_info=&#8220;{}&#8220;][\/et_pb_contact_field][et_pb_contact_field field_id=&#8220;Betreff&#8220; field_title=&#8220;Betreff&#8220; fullwidth_field=&#8220;on&#8220; _builder_version=&#8220;4.27.4&#8243; _module_preset=&#8220;default&#8220; global_colors_info=&#8220;{}&#8220;][\/et_pb_contact_field][et_pb_contact_field field_id=&#8220;Message&#8220; field_title=&#8220;Nachricht&#8220; field_type=&#8220;text&#8220; fullwidth_field=&#8220;on&#8220; _builder_version=&#8220;4.16&#8243; global_colors_info=&#8220;{}&#8220; button_text_size__hover_enabled=&#8220;off&#8220; button_one_text_size__hover_enabled=&#8220;off&#8220; button_two_text_size__hover_enabled=&#8220;off&#8220; button_text_color__hover_enabled=&#8220;off&#8220; button_one_text_color__hover_enabled=&#8220;off&#8220; button_two_text_color__hover_enabled=&#8220;off&#8220; button_border_width__hover_enabled=&#8220;off&#8220; button_one_border_width__hover_enabled=&#8220;off&#8220; button_two_border_width__hover_enabled=&#8220;off&#8220; button_border_color__hover_enabled=&#8220;off&#8220; button_one_border_color__hover_enabled=&#8220;off&#8220; button_two_border_color__hover_enabled=&#8220;off&#8220; button_border_radius__hover_enabled=&#8220;off&#8220; button_one_border_radius__hover_enabled=&#8220;off&#8220; button_two_border_radius__hover_enabled=&#8220;off&#8220; button_letter_spacing__hover_enabled=&#8220;off&#8220; button_one_letter_spacing__hover_enabled=&#8220;off&#8220; button_two_letter_spacing__hover_enabled=&#8220;off&#8220; button_bg_color__hover_enabled=&#8220;off&#8220; button_one_bg_color__hover_enabled=&#8220;off&#8220; button_two_bg_color__hover_enabled=&#8220;off&#8220;][\/et_pb_contact_field][\/et_pb_contact_form][\/et_pb_column][\/et_pb_row][\/et_pb_section]<\/p>\n","protected":false},"excerpt":{"rendered":"<p>Pharma. Private Equity.Wir investieren mit Weitblick \u2013f\u00fcr starke Unternehmen und eine stabile Zukunft.Die Braun Invest Holding GmbH (BIH) aus Greifswald ist eine familiengef\u00fchrte Investment- und Holdinggesellschaft. Der Fokus hat sich vor einigen Jahren vorrangig auf die Pharmabrache gerichtet. \u00dcber alle Beteiligungen sind mehr als 1.300 Mitarbeitende besch\u00e4ftigt. Sie h\u00e4lt Beteiligungen an Pharmaunternehmen in Deutschland, Schweiz und \u00d6sterreich. In diesem Bereich erzielt das Unternehmen auch den Gro\u00dfteil seiner Ums\u00e4tze, welche sich auf ca. 2 Milliarden \u20ac belaufen. Zudem h\u00e4lt die Braun Invest Holding GmbH eine Beteiligung an einer Asset-Management Holding.Im Bereich Investment liegt der Fokus auf dem Private Equity Fonds Investment. Schwerpunktenachhaltiges Wachstumlangfristige Entwicklunglokal verwurzeltWir sind in der Region Mecklenburg-Vorpommern ans\u00e4ssig und spielen hier eine wichtige Rolle in der lokalen Wirtschaft. Unser Fokus liegt auf nachhaltigem Wachstum und der langfristigen Entwicklung unserer Beteiligungen.BeteiligungenDie Cheplapharm Arzneimittel GmbH ist der globale Nummer 1 Investor in etablierte Pharma-Markenprodukte. Das Unternehmen sichert damit den Fortbestand des Medikamentes und die Behandlung der davon abh\u00e4ngigen Patient:innen weltweit.Breathing new life into proven medicines. Die pharmaand (pharma&amp;) GmbH erwirbt die weltweiten Rechte an Medikamenten und setzt sich daf\u00fcr ein, die Verf\u00fcgbarkeit lebenswichtiger Arzneimittel aufrechtzuerhalten und deren Weiterentwicklung weltweit zu f\u00f6rdern. Die WR Group vereint unter ihrem Dach ein Portfolio [&hellip;]<\/p>\n","protected":false},"author":2,"featured_media":0,"parent":0,"menu_order":0,"comment_status":"closed","ping_status":"closed","template":"","meta":{"_et_pb_use_builder":"on","_et_pb_old_content":"","_et_gb_content_width":"","footnotes":""},"class_list":["post-15","page","type-page","status-publish","hentry"],"_links":{"self":[{"href":"https:\/\/braun-investholding.com\/index.php?rest_route=\/wp\/v2\/pages\/15","targetHints":{"allow":["GET"]}}],"collection":[{"href":"https:\/\/braun-investholding.com\/index.php?rest_route=\/wp\/v2\/pages"}],"about":[{"href":"https:\/\/braun-investholding.com\/index.php?rest_route=\/wp\/v2\/types\/page"}],"author":[{"embeddable":true,"href":"https:\/\/braun-investholding.com\/index.php?rest_route=\/wp\/v2\/users\/2"}],"replies":[{"embeddable":true,"href":"https:\/\/braun-investholding.com\/index.php?rest_route=%2Fwp%2Fv2%2Fcomments&post=15"}],"version-history":[{"count":45,"href":"https:\/\/braun-investholding.com\/index.php?rest_route=\/wp\/v2\/pages\/15\/revisions"}],"predecessor-version":[{"id":248,"href":"https:\/\/braun-investholding.com\/index.php?rest_route=\/wp\/v2\/pages\/15\/revisions\/248"}],"wp:attachment":[{"href":"https:\/\/braun-investholding.com\/index.php?rest_route=%2Fwp%2Fv2%2Fmedia&parent=15"}],"curies":[{"name":"wp","href":"https:\/\/api.w.org\/{rel}","templated":true}]}}